{"id":5842,"date":"2019-10-23T19:44:32","date_gmt":"2019-10-24T00:44:32","guid":{"rendered":"https:\/\/renaitremoniquelepine.com\/?page_id=5842"},"modified":"2019-10-23T20:55:48","modified_gmt":"2019-10-24T01:55:48","slug":"policies","status":"publish","type":"page","link":"https:\/\/renaitremoniquelepine.com\/fr\/policies\/","title":{"rendered":"Politiques"},"content":{"rendered":"<div class=\"kc-elm kc-css-945663 kc_row\"><div class=\"kc-row-container  kc-container\"><div class=\"kc-wrap-columns\"><div class=\"kc-elm kc-css-732330 kc_column kc_col-sm-12\"><div class=\"kc-col-container\"><div class=\"kc-elm kc-css-125267 kc_text_block\"><\/p>\n<h1>Politiques<\/h1>\n<h2>Politiques de livraison<\/h2>\n<p>Les d\u00e9lais de livraison sont d'au minimum 3 \u00e0 maximum 31 jours ouvrables pour le Canada. Les d\u00e9lais pour l'international sont d'au minimum 5 \u00e0 maximum 60 jours ouvrables. Tous les envois de colis sont assur\u00e9s. Les colis endommag\u00e9s doivent nous \u00eatre signal\u00e9s le jour m\u00eame de la r\u00e9ception.<\/p>\n<h2>Politiques de confidentialit\u00e9<\/h2>\n<p>Toutes les informations personnelles que vous nous transmettez seront trait\u00e9es de fa\u00e7on confidentielle par les \u00c9ditions Saphir.<\/p>\n<h2>Retour de marchandise<\/h2>\n<p>Toute vente faite en ligne sur renaitremoniquelepine.com est une vente finale. Par contre, si vous recevez un article endommag\u00e9, veuillez nous \u00e9crire pour recevoir les instructions pour retourner la marchandise. \nSachant que Rena\u00eetre comporte des \u00e9l\u00e9ments sensibles, dont la foi chr\u00e9tienne individuelle de l'auteure, des textes touchants et difficiles \u00e0 lire pour certains lecteurs et des solutions non conventionnelles pour trouver la gu\u00e9rison, l'acheteur, ayant pr\u00e9alablement lu la description claire et d\u00e9taill\u00e9e sur ces sujets, ach\u00e8te ce livre en toute connaissance de cause. Les livres ne peuvent donc pas \u00eatre rembours\u00e9s advenant le cas que l\u2019acheteur n\u2019appr\u00e9cierait pas le point de vue de l\u2019auteure.<\/p>\n<p>Contactez-nous \u00e0 l'adresse dany@vezina.com si vous avez re\u00e7u une copie endommag\u00e9e. Nous vous informerons de nos proc\u00e9dures de retour.<\/p>\n<p>\n<\/div><\/div><\/div><\/div><\/div><\/div>","protected":false},"excerpt":{"rendered":"","protected":false},"author":1,"featured_media":0,"parent":0,"menu_order":0,"comment_status":"closed","ping_status":"closed","template":"templates\/composer.php","meta":{"footnotes":""},"class_list":["post-5842","page","type-page","status-publish","hentry","livre-type-regular"],"_links":{"self":[{"href":"https:\/\/renaitremoniquelepine.com\/fr\/wp-json\/wp\/v2\/pages\/5842","targetHints":{"allow":["GET"]}}],"collection":[{"href":"https:\/\/renaitremoniquelepine.com\/fr\/wp-json\/wp\/v2\/pages"}],"about":[{"href":"https:\/\/renaitremoniquelepine.com\/fr\/wp-json\/wp\/v2\/types\/page"}],"author":[{"embeddable":true,"href":"https:\/\/renaitremoniquelepine.com\/fr\/wp-json\/wp\/v2\/users\/1"}],"replies":[{"embeddable":true,"href":"https:\/\/renaitremoniquelepine.com\/fr\/wp-json\/wp\/v2\/comments?post=5842"}],"version-history":[{"count":22,"href":"https:\/\/renaitremoniquelepine.com\/fr\/wp-json\/wp\/v2\/pages\/5842\/revisions"}],"predecessor-version":[{"id":5869,"href":"https:\/\/renaitremoniquelepine.com\/fr\/wp-json\/wp\/v2\/pages\/5842\/revisions\/5869"}],"wp:attachment":[{"href":"https:\/\/renaitremoniquelepine.com\/fr\/wp-json\/wp\/v2\/media?parent=5842"}],"curies":[{"name":"wp","href":"https:\/\/api.w.org\/{rel}","templated":true}]}}